{"id":57984,"date":"2022-07-22T15:06:25","date_gmt":"2022-07-22T14:06:25","guid":{"rendered":"https:\/\/testumgebung.golfpark-meerbusch.de\/?page_id=57984"},"modified":"2023-04-03T11:28:12","modified_gmt":"2023-04-03T10:28:12","slug":"spielordnung","status":"publish","type":"page","link":"https:\/\/www.golfpark-meerbusch.de\/spielordnung\/","title":{"rendered":"Spielordnung"},"content":{"rendered":"<div class=\"wpb-content-wrapper\"><p>[vc_row full_width=&#8220;stretch_row&#8220; content_placement=&#8220;middle&#8220; css=&#8220;.vc_custom_1665600877735{margin-top: -70px !important;margin-bottom: 70px !important;border-top-width: 0px !important;padding-top: 0px !important;background-image: url(https:\/\/www.golfpark-meerbusch.de\/wp-content\/uploads\/2021\/03\/slide-01b.jpg?id=14955) !important;background-position: center !important;background-repeat: no-repeat !important;background-size: cover !important;}&#8220;][vc_column][vc_column_text css=&#8220;.vc_custom_1659019428876{padding-top: 70px !important;padding-bottom: 70px !important;}&#8220;]<\/p>\n<h1 style=\"text-align: center; color: #fff;\">Spielordnung<\/h1>\n<p>[\/vc_column_text][\/vc_column][\/vc_row][vc_row][vc_column][vc_column_text css=&#8220;.vc_custom_1658498890830{margin-bottom: 70px !important;padding-bottom: 30px !important;}&#8220;]<\/p>\n<h2>Allgemeine Spielordnung des Golfclub Meerbusch e.V.<\/h2>\n<p>[\/vc_column_text][vc_column_text]<\/p>\n<h3>1)\u00a0 Allgemeines<\/h3>\n<p>Zur Gew\u00e4hrleistung eines geregelten und fairen Spielbetriebes gilt als verbindliche Grundlage im Golfclub Meerbusch &#8211; neben den aktuellen \u201eOffiziellen Golfregeln Stand 2023\u201c (einschlie\u00dflich Amateurstatut) und den aktuellen \u201eHandicap-Regeln\u201c des Europ\u00e4ischen Golfverbandes (EGA) &#8211; \u00a0diese \u201eAllgemeine Spielordnung\u201c; sie hat gleicherma\u00dfen f\u00fcr Mitglieder und G\u00e4ste G\u00fcltigkeit. Zus\u00e4tzlich gelten die \u00f6rtlichen Platzregeln sowie eventuelle Sonderplatzregeln. Es liegt in der Eigenverantwortung eines jeden Golfspielers, sich \u00fcber den Inhalt der Spielordnung und der Platzregeln zu informieren.<\/p>\n<p>Als Erweiterung dieser Spielordnung gelten f\u00fcr alle angesetzten Wettspiele und registrierte Privatrunden (RPR) die \u201eAllgemeine Wettspielordnung\u201c, die \u201e\u00d6rtlichen Platzregeln\u201c und eventuell zeitlich begrenzte Sonderplatzregeln. Diese m\u00fcssen ebenfalls bei allen an Wettspielen teilnehmenden Spieler\/innen als bekannt vorausgesetzt werden.<\/p>\n<p>Die \u201eAllgemeine Spielordnung\u201c, die \u201eAllgemeine Wettspielordnung\u201c, die \u201e\u00d6rtlichen Platzregeln\u201c und zeitlich begrenzte Sonderplatzregeln werden in der jeweils aktuellen Fassung \u00f6ffentlich ausgeh\u00e4ngt und sind zus\u00e4tzlich im Internet unter <a href=\"http:\/\/www.golfpark-meerbusch.de\/\">www.golfpark-meerbusch.de<\/a> und im Sekretariat einsehbar.<\/p>\n<p>Die Mitglieder des Gesamtvorstandes, des Spielausschusses und der Gesch\u00e4ftsf\u00fchrung, zudem die Golfprofessionals und alle mit der Platzaufsicht beauftragten Personen, sind befugt, die Einhaltung der Spielordnung zu \u00fcberwachen. Zur Regelung von Verst\u00f6\u00dfen gegen die \u201eSpielordnung\u201c ist generell der Spielausschuss zust\u00e4ndig. Bei schweren Verst\u00f6\u00dfen wird der Sachverhalt dem Clubvorstand, dem Beirat und\/oder der Gesch\u00e4ftsf\u00fchrung zu Kl\u00e4rung vorgelegt. Dagegen ist f\u00fcr Verst\u00f6\u00dfe gegen die \u201eWettspielordnung\u201c die jeweilige Wettspielleitung zust\u00e4ndig und ausschlie\u00dflich alleine entscheidungsbefugt.<\/p>\n<p>Das Hausrecht auf der gesamten Platzanlage, mitsamt allen Geb\u00e4uden, obliegt der \u201cGolfpark-Meerbusch GmbH\u201d, vertreten durch den Gesch\u00e4ftsf\u00fchrer.<\/p>\n<p>Die Benutzung der gesamten Golfanlage und ihrer Einrichtungen erfolgt auf eigene Gefahr. Eine Haftung f\u00fcr Sch\u00e4den, die einem Benutzer entstehen, ist ausgeschlossen.<\/p>\n<p>&nbsp;<\/p>\n<h3>2)\u00a0 Golfregeln und \u201cVerhalten der Spieler\u201d<\/h3>\n<p>Jeder Spieler\/Spielerin sollte w\u00e4hrend des Spiels im Besitz einer aktuellen Fassung der \u201cOffiziellen Golfregeln\u201d sein. Ein korrektes Verhalten auf dem Platz und das Einhalten der Etikette war schon immer ein wesentlicher Grundsatz f\u00fcr einen reibungslosen Spielablauf. Seit 2019 ist \u201cDas Verhalten der Spieler\/innen\u201d Bestandteil der \u201cOffiziellen Golfregeln\u201d und durch Regel 1 entsprechend definiert. Auch au\u00dferhalb von Wettspielen k\u00f6nnen grobe Verst\u00f6\u00dfe zwecks Kl\u00e4rung im Sekretariat gemeldet und vom Spielausschuss, dem Beirat und\/oder der Gesch\u00e4ftsf\u00fchrung geregelt werden.<\/p>\n<p>&nbsp;<\/p>\n<h3>3)\u00a0 Spielberechtigung<\/h3>\n<p><u>Mitglieder<\/u>: Mitglieder des Golfclub Meerbusch mit mind. PE und\/oder einem HCPI von mind. 54 sind spielberechtigt; Einschr\u00e4nkungen ergeben sich eventuell bei angesetzten Wettspielen mit Begrenzung des HCPI. Die Grundvoraussetzungen zur Erlangung der Platzerlaubnis werden in Absprache mit den Trainern festgesetzt. N\u00e4here Information hierzu im Sekretariat.<\/p>\n<p>Das Bagtag des Golfclub Meerbusch ist gut sichtbar am Golfbag zu befestigen.<\/p>\n<p><u>Kinder<\/u>: Die Platzerlaubnis f\u00fcr Kinder bis 14 Jahre orientiert sich an den Statuten zur Erlangung des DGV- Kindergolfabzeichens in Gold. Mit dem erfolgreichen Absolvieren des Goldabzeichens ist die Erteilung der Platzerlaubnis mit HCPI 54 verbunden. Die Golftrainer nehmen den Kindern die entsprechende Pr\u00fcfung ab und erteilen damit die Erlaubnis zum Bespielen des Platzes. Bei Kindern mit Goldabzeichen ist bis zu einem Alter von 10 Jahren beim Bespielen des Platzes eine Erwachsenenbegleitung zwingend vorgeschrieben, Kinder zwischen 10 und 14 Jahren d\u00fcrfen den Platz ohne Begleitung bespielen. Kinder jeden Alters mit HCPI 36 und besser d\u00fcrfen den Platz ohne Einschr\u00e4nkung bespielen. Das Bagtag \u201eKindergolfabzeichen in Gold\u201c ist gut sichtbar am Golfbag zu befestigen.<\/p>\n<p><u>G\u00e4ste<\/u>: G\u00e4ste mit einem g\u00fcltigen DGV- oder entsprechendem nationalen Clubausweis erlangen nach Voranmeldung im Sekretariatund Entrichtung des Greenfees (siehe Punkt 5) begrenztes Spielrecht f\u00fcr 9 oder 18 L\u00f6cher. Erforderlicher HCPI wochentags mind. 45, an Wochenenden und Feiertagen mind. 36. Die Greenfee-Karte ist gut sichtbar am Golfbag zu befestigen.<\/p>\n<p>&nbsp;<\/p>\n<h3>4)\u00a0 Course Handicap<\/h3>\n<p>Die Zuerkennung, Festlegung und \u00c4nderung des Course Handicaps erfolgt ausschlie\u00dflich nach dem DGV Course Rating und dem \u201eSpiel- und Wettspielhandbuch\u201c. Die Zust\u00e4ndigkeit obliegt dem Handicapausschuss.<\/p>\n<p>&nbsp;<\/p>\n<h3>5)\u00a0 Greenfee-Regelung f\u00fcr G\u00e4ste<\/h3>\n<p>Die Zust\u00e4ndigkeit aller Modalit\u00e4ten bez\u00fcglich der Greenfee-Regulierung liegt ausschlie\u00dflich bei der <u>Golfpark<\/u>\u00a0<u>Meerbusch GmbH<\/u>. Diesbez\u00fcgliche Informationen k\u00f6nnen im Sekretariat eingeholt werden.<\/p>\n<p>Grunds\u00e4tzlich ist das Greenfee immer <u>vor<\/u> der Runde im Sekretariat zu bezahlen. F\u00fcr den Fall, dass das Sekretariat nicht besetzt ist, befindet sich im Windfang vor dem B\u00fcro ein \u201aGreenfee-Kasten\u2018, in den die entsprechende Spielgeb\u00fchr deponiert werden kann. \u201eSchwarzspieler\/innen\u201c werden namentlich erfasst und generell sofort des Platzes verwiesen, wobei die nicht entrichtete Spielgeb\u00fchr nachtr\u00e4glich eingefordert wird. In Wiederholungsf\u00e4llen wird ein generelles Haus- und Platzverbot ausgesprochen.<\/p>\n<p>Samstags, sonntags und an allen Feiertagen gilt der Wochenendtarif. W\u00e4hrend dieser Zeiten k\u00f6nnen G\u00e4ste nur in Begleitung von Clubmitgliedern spielen. W\u00e4hrend der Monate April-Oktober bis 08:30 Uhr und w\u00e4hrend der Monate November-M\u00e4rz bis 09:00 Uhr ist das Spielen ohne Mitgliederbegleitung m\u00f6glich. Voranmeldung im Sekretariat ist generell erforderlich.<\/p>\n<p>Selbstverst\u00e4ndlich sind ausl\u00e4ndische G\u00e4ste mit entsprechendem nationalem Clubausweis ihres Landes gern gesehene G\u00e4ste zu gleichen Konditionen. Hierzu z\u00e4hlen auch Deutsche Staatsb\u00fcrger, die ihren Wohnsitz bzw. Zweitwohnsitz am Heimatclub im In- oder Ausland nachweisen k\u00f6nnen.<\/p>\n<p>&nbsp;<\/p>\n<h3>6)\u00a0 Sperre \/ Teilsperre des Platzes<\/h3>\n<p>Bei gegebenen Anl\u00e4ssen (Pflegearbeiten, Bauarbeiten, Witterung etc.) kann es erforderlich sein, den Platz zum Teil oder vollst\u00e4ndig sperren zu m\u00fcssen. Entsprechende Informationen werden ausgeh\u00e4ngt und an den Abschl\u00e4gen 1 und\/oder 10 durch aufgestellte Schilder bekannt gegeben. Das Spielen auf den gesperrten Bereichen ist strengstens verboten, Zuwiderhandlungen f\u00fchren zu Sanktionen (Platzverweis, zeitlich begrenzte Platzsperre, o.\u00e4.).<\/p>\n<p>Vor Wettspielen wird der Platz rechtzeitig f\u00fcr nicht am Turnier teilnehmende Spieler\/innen gesperrt, so dass ein reibungsloser Turnierablauf gew\u00e4hrleistet ist. Vor dem Turnier spielende Gruppen m\u00fcssen den Platz verlassen, sobald sich eine Behinderung der Turnierteilnehmer\/innen ergibt. Im Anschluss an ein Turnier sollte darauf geachtet werden, dass immer eine Spielbahn Abstand zum letzten Turnierflight eingehalten wird.<\/p>\n<p>&nbsp;<\/p>\n<h3>7)\u00a0 Marshal, Starter, Platzrichter<\/h3>\n<p>Die vom Spielausschuss und\/oder von der Gesch\u00e4ftsleitung eingesetzten Personen, die die Funktion eines Marshals, einesStarters oder eines Platzrichters \u00fcbernehmen, sind zur Einhaltung und Umsetzung der\u00a0\u201eAllgemeinen Spielordnung\u201c beauftragt. Im Rahmen ihres Auftrages, einen geregelten Spielbetrieb und die Umsetzung dieser Spielordnung zu gew\u00e4hrleisten, besitzen sie uneingeschr\u00e4nkte Entscheidungsbefugnis. Spieler, die sich den Anweisungen widersetzen, werden namentlich dem B\u00fcro gemeldet. Der Spielausschuss, der Beirat und\/oder die Gesch\u00e4ftsleitung entscheiden dann nach Pr\u00fcfung \u00fcber Sanktionen.<\/p>\n<p>&nbsp;<\/p>\n<h3>8)\u00a0 Durchspielen, Vorrecht auf dem Platz<\/h3>\n<p>Grunds\u00e4tzlich sollte schneller spielenden Spielergruppen unaufgefordert Gelegenheit zum Durchspielen gegeben werden, unabh\u00e4ngig davon, ob die Spielergruppe gr\u00f6\u00dfer oder kleiner ist.<\/p>\n<p>Wochentags haben in der Regel schnellere Spielgruppen zu zweit unaufgefordert Durchspielrecht gegen\u00fcber Spielgruppen zu dritt oder zu viert. Spielgruppen zu dritt haben wiederum Durchspielrecht gegen\u00fcber Spielgruppen zu viert.<\/p>\n<p>An Wochenenden und Feiertagen sollten sich die Spieler\/innen zu Dreier- oder Viererspielgruppen zusammenschlie\u00dfen. Am 1.Abschlag pr\u00e4sente Dreier- bzw. Vierergruppen d\u00fcrfen und sollen vor Zweiergruppen starten. Zweier sollten sich mit Einzelspielern zu Dreier- oder Vierergruppen zusammenschlie\u00dfen, um einen z\u00fcgigen Spielablauf zu gew\u00e4hrleisten. Anwesende Starter \/ Marshals sind durch das Sekretariat und den\u00a0Spielausschuss legitimiert und entsprechend weisungsbefugt, regulierend in die Flight-Zusammenstellung einzugreifen. Ihren Anweisungen ist unbedingt Folge zu leisten.<\/p>\n<p>Ein unaufgefordertes Durchspielrecht f\u00fcr kleinere Spielergruppen gibt es am Wochenende nicht. Ein Durchspielrecht f\u00fcr jedwede Gruppe ergibt sich aber, sobald eine Spielgruppe den Anschluss an die davor spielende Gruppe \u00fcber mehr als eine Spielbahn verloren hat oder mit dem Suchen nach B\u00e4llen begonnen hat, und die nachfolgende Spielgruppe, gleich welcher Gr\u00f6\u00dfe, aufgelaufen ist.<\/p>\n<p>Einzelspielern muss kein Durchspielrecht einger\u00e4umt werden. An Wochenenden und Feiertagen haben Einzelspieler bei entsprechendem Spielaufkommen weder Spiel-, noch Durchspielrecht. Die gegenseitige R\u00fccksichtnahme gebietet es aber, dass Spielergruppen nachfolgende Einzelspieler\/innen zum Mitspielen auffordern oder das Durchspielen erm\u00f6glichen.<\/p>\n<p>Spieler\/innen, die am sog. \u201eJahres-Matchplay\u201c (Lochspiel) teilnehmen, haben generell Durchspielrecht. Dieses ist ihnen unaufgefordert einzur\u00e4umen. Die jeweilige am Matchplay teilnehmende Spielergruppe ist erkennbar an einer im Bag befindlichen roten Fahne. DieseKenntlichmachung sollte von allen Matchplay-Teilnehmern genutzt werden. Die rote Fahne wird im B\u00fcro ausgeh\u00e4ndigt.<\/p>\n<p>&nbsp;<\/p>\n<h3>9)\u00a0 Abspielen vom 10. Abschlag<\/h3>\n<p>Der Beginn der Runde an Abschlag 10 ist nur m\u00f6glich, wenn die Spielbahn 9 <u>vollst\u00e4ndig<\/u> frei ist. Das bedeutet, dass ein Abspielen an Tee 10 nicht erlaubt ist, wenn sich Spieler\/innen schon am Abschlag der 9 befinden!<\/p>\n<p>An Wochenenden und an Feiertagen ist der Start von Tee 10 nur mit Genehmigung durch den Starter, Marshal oder das Sekretariat erlaubt!<\/p>\n<p>Spieler\/innen, die ihre Runde regul\u00e4r an Tee 1 begonnen haben, haben gegen\u00fcber an Tee 10 Gestarteten Durchspielrecht.<\/p>\n<p>Spieler\/innen, die an der Tee 10 gestartet sind, und die dann &#8211; von Gr\u00fcn 18 kommend &#8211; an Abschlag 1 weiterspielen m\u00f6chten, habenkein Recht zum sofortigen Weiterspielen. Aus R\u00fccksichtnahme empfiehlt sich f\u00fcr alle Beteiligten ein Einf\u00e4deln nach dem \u201eRei\u00dfverschluss-System\u201c.<\/p>\n<p>&nbsp;<\/p>\n<h3>10)\u00a0 Spieltempo (Ready Golf)<\/h3>\n<p>Seit 2019 ist Ready Golf Bestandteil der offiziellen Golfregeln. Dies sollte von jedem Spieler und jeder Spielerin als Chance genutzt werden. F\u00fcr 18 L\u00f6cher ist prinzipiell eine Spielzeit von 3,5 bis maximal 4,0 Std. als ausreichend anzusetzen. Ein schnelleres Spiel kann erm\u00f6glicht werden, wenn immer die Person als erstes den Ball schl\u00e4gt, die dazu bereit ist.<\/p>\n<p>&nbsp;<\/p>\n<h3>11)\u00a0 Haustiere<\/h3>\n<p>Das Mitf\u00fchren von Hunden, Katzen und anderen Haustieren ist auf dem gesamten Golfplatz und innerhalb des Clubhauses verboten. Au\u00dferhalb des Platzes ist das Mitf\u00fchren erlaubt, es besteht aber Anleinpflicht.<\/p>\n<p>&nbsp;<\/p>\n<h3>12)\u00a0 Sicherheit von Spieler\/innen und Greenkeepern<\/h3>\n<p>F\u00fcr die Sicherheit von Spieler\/innen und Greenkeepern ist gegenseitige Verst\u00e4ndigung unabdingbare Voraussetzung. Bei entsprechender Gegebenheit muss Ruf- und\/oder Zeichenkontakt mit anderen Spielern oder den Platzarbeitern aufgenommen werden, um keine Gefahrensituation entstehen zu lassen. Der Ball darf auf keinen Fall gespielt werden, wenn sich in Reichweite des Schlages Spieler\/innen oder Platzarbeiter befinden, mit denen zuvor keine Verst\u00e4ndigung stattgefunden hat! Generell hat die Platzpflege jederzeit Vorrecht vor dem Spiel, wobei die Greenkeeper angehalten sind einen m\u00f6glichst z\u00fcgigen Spielablauf zu gew\u00e4hrleisten, soweit es die Pflegema\u00dfnahmen erlauben.<\/p>\n<p>Wir bitten zu beachten, dass an jedem Montag alle Pflegearbeiten auf dem Platz Vorrang haben! Unter den zuvor angegebenen Sicherheitshinweisen darf der Ball erst gespielt werden, wenn die jeweiligen Arbeiten auf dem Abschlag, der Spielbahn, im Bunker und auf dem Gr\u00fcn abgeschlossen sind. Nur ohne st\u00e4ndige Unterbrechung k\u00f6nnen die anstehenden Arbeiten geschafft werden.<\/p>\n<p>&nbsp;<\/p>\n<h3>13)\u00a0 E-carts<\/h3>\n<p>Au\u00dferhalb von festgesetzten Wettspielen ist die Benutzung von motorgetrieben Golfcarts unter Beachtung der unten aufgef\u00fchrten Regeln gestattet. Mitglieder und G\u00e4ste k\u00f6nnen je nach Verf\u00fcgbarkeit gegen Geb\u00fchr Golfcarts anmieten. Diesbez\u00fcgliche Informationen im Sekretariat.<\/p>\n<p>F\u00fcr festgesetzte Wettspiele und RPR gilt ausschlie\u00dflich die \u201eAllgemeine Wettspielordnung\u201c (siehe dort).<\/p>\n<p>Kindern und Jugendlichen unter 18 Jahren ist das F\u00fchren von Golfcarts strengstens untersagt. Eine Ausnahme davon bestehtlediglich bei Jugendlichen ab 16 Jahren, die einen eigenen g\u00fcltigen F\u00fchrerschein vorlegen k\u00f6nnen. Missachtung dieser Vorgaben f\u00fchrt zu Sanktionen.<\/p>\n<p>Bei der Benutzung von Golfcarts gelten folgende Regeln:<\/p>\n<ul>\n<li>M\u00f6glichst nur im Semirough fahren<\/li>\n<li>Nicht durch das Rough und nicht durch Anpflanzungen fahren<\/li>\n<li>Gr\u00fcns weitr\u00e4umig umfahren<\/li>\n<li>Nicht zwischen Bunker und Gr\u00fcn fahren<\/li>\n<li>Fairway nur auf H\u00f6he des Balls rechtwinklig kreuzen<\/li>\n<li>Auf dem gesamten Parkplatzgel\u00e4nde gilt generell die StVO<\/li>\n<\/ul>\n<p>&nbsp;<\/p>\n<h3>14)\u00a0 Bekleidung, Schuhe<\/h3>\n<p>Die gesamte Golfanlage darf nur mit Softspikes, Turn- oder Noppenschuhen betreten und bespielt werden. Das Tragen von Schuhen mit Metallspikes ist verboten. Allen Mitgliedern und G\u00e4sten wird ad\u00e4quate Bekleidung empfohlen. Weitere Informationen bez\u00fcglich nicht erw\u00fcnschter Kleidung sind im Sekretariat erh\u00e4ltlich.<\/p>\n<p>&nbsp;<\/p>\n<h3>15)\u00a0 Unsportliches Verhalten<\/h3>\n<p>Verhalten sich Spieler\/innen unsportlich oder grob unsportlich, so kann der Spielausschuss, der Beirat und\/oder die Gesch\u00e4ftsf\u00fchrung gegen den oder die Spieler nach einer Anh\u00f6rung Sanktionen in Form von Verwarnungen, Auflagen, befristeten oder dauernden Platz und\/oder Wettspielsperren o.\u00e4. verh\u00e4ngen.<\/p>\n<p>&nbsp;<\/p>\n<h3>16)\u00a0 Verhalten auf dem Platz<\/h3>\n<p>R\u00fccksichtnahme gegen\u00fcber anderen Spieler\/innen und gegen\u00fcber dem Platz ist eine Verpflichtung!<\/p>\n<ul>\n<li>Keine Probeschw\u00fcnge mit Rasenkontakt auf den Abschl\u00e4gen.<\/li>\n<li>Bunker harken und Bunkerspuren beseitigen.<\/li>\n<li>Bunkerharken in Spielrichtung <u>in<\/u> den Bunker legen (<u>niemals<\/u> quer zwischen Bunker und Gr\u00fcn!)<\/li>\n<li>Ausgeschlagene Divots immer sauber einsetzen und festtreten.<\/li>\n<li>Pitchmarken immer sauber ausbessern! (Die eigene und mindestens eine weitere).<\/li>\n<li>Mit Trolleys und Golfcarts nicht zwischen Gr\u00fcnbunker und Gr\u00fcn fahren.<\/li>\n<li>Keine Schl\u00e4ge, die andere Menschen gef\u00e4hrden k\u00f6nnten.<\/li>\n<li>Z\u00fcgiges Spielen, situationsangepasstes Durchspielen erm\u00f6glichen.<\/li>\n<li>Hinweisschilder sind zu beachten, Absperrungen ist unbedingt Folge zu leisten.<\/li>\n<li>Spielen mit Range-B\u00e4llen ist auf dem gesamten Platz strengstens verboten!<\/li>\n<li>Platz sauber halten, keine Abf\u00e4lle oder Zigaretten auf den Platz werfen oder in Abschlagsmarkierungen.<\/li>\n<\/ul>\n<p>&nbsp;<\/p>\n<p>Wir w\u00fcnschen allen einen erfolgreichen und ungest\u00f6rten Spielverlauf.<\/p>\n<p>&nbsp;<\/p>\n<p>&nbsp;<\/p>\n<table width=\"100%\">\n<tbody>\n<tr>\n<td>Der Spielausschuss<\/td>\n<td align=\"right\">aktualisiert: April 2023<\/td>\n<\/tr>\n<\/tbody>\n<\/table>\n<p>[\/vc_column_text][\/vc_column][\/vc_row]<\/p>\n<\/div>","protected":false},"excerpt":{"rendered":"<p>[vc_row full_width=&#8220;stretch_row&#8220; content_placement=&#8220;middle&#8220; css=&#8220;.vc_custom_1665600877735{margin-top: -70px !important;margin-bottom: 70px !important;border-top-width: 0px !important;padding-top: 0px !important;background-image: url(https:\/\/www.golfpark-meerbusch.de\/wp-content\/uploads\/2021\/03\/slide-01b.jpg?id=14955) !important;background-position: center !important;background-repeat: no-repeat !important;background-size: cover !important;}&#8220;][vc_column][vc_column_text css=&#8220;.vc_custom_1659019428876{padding-top: 70px !important;padding-bottom: 70px !important;}&#8220;] Spielordnung [\/vc_column_text][\/vc_column][\/vc_row][vc_row][vc_column][vc_column_text css=&#8220;.vc_custom_1658498890830{margin-bottom: 70px !important;padding-bottom: 30px !important;}&#8220;] Allgemeine Spielordnung des Golfclub Meerbusch e.V. [\/vc_column_text][vc_column_text] 1)\u00a0 Allgemeines Zur Gew\u00e4hrleistung eines geregelten und fairen Spielbetriebes gilt als verbindliche Grundlage im Golfclub Meerbusch&hellip;<\/p>\n","protected":false},"author":1,"featured_media":0,"parent":0,"menu_order":371,"comment_status":"closed","ping_status":"closed","template":"","meta":{"footnotes":""},"class_list":["post-57984","page","type-page","status-publish","hentry","description-off"],"acf":[],"_links":{"self":[{"href":"https:\/\/www.golfpark-meerbusch.de\/wp-json\/wp\/v2\/pages\/57984","targetHints":{"allow":["GET"]}}],"collection":[{"href":"https:\/\/www.golfpark-meerbusch.de\/wp-json\/wp\/v2\/pages"}],"about":[{"href":"https:\/\/www.golfpark-meerbusch.de\/wp-json\/wp\/v2\/types\/page"}],"author":[{"embeddable":true,"href":"https:\/\/www.golfpark-meerbusch.de\/wp-json\/wp\/v2\/users\/1"}],"replies":[{"embeddable":true,"href":"https:\/\/www.golfpark-meerbusch.de\/wp-json\/wp\/v2\/comments?post=57984"}],"version-history":[{"count":10,"href":"https:\/\/www.golfpark-meerbusch.de\/wp-json\/wp\/v2\/pages\/57984\/revisions"}],"predecessor-version":[{"id":59701,"href":"https:\/\/www.golfpark-meerbusch.de\/wp-json\/wp\/v2\/pages\/57984\/revisions\/59701"}],"wp:attachment":[{"href":"https:\/\/www.golfpark-meerbusch.de\/wp-json\/wp\/v2\/media?parent=57984"}],"curies":[{"name":"wp","href":"https:\/\/api.w.org\/{rel}","templated":true}]}}