{"id":57947,"date":"2022-07-21T16:10:08","date_gmt":"2022-07-21T15:10:08","guid":{"rendered":"https:\/\/testumgebung.golfpark-meerbusch.de\/?page_id=57947"},"modified":"2026-04-10T10:55:09","modified_gmt":"2026-04-10T09:55:09","slug":"turniere","status":"publish","type":"page","link":"https:\/\/www.golfpark-meerbusch.de\/turniere\/","title":{"rendered":"Turniere"},"content":{"rendered":"<div class=\"wpb-content-wrapper\"><p>[vc_row full_width=&#8220;stretch_row&#8220; content_placement=&#8220;middle&#8220; css=&#8220;.vc_custom_1665601116240{margin-top: -70px !important;margin-bottom: 70px !important;border-top-width: 0px !important;padding-top: 0px !important;background-image: url(https:\/\/www.golfpark-meerbusch.de\/wp-content\/uploads\/2021\/03\/slide-01b.jpg?id=14955) !important;background-position: center !important;background-repeat: no-repeat !important;background-size: cover !important;}&#8220;][vc_column][vc_column_text css=&#8220;.vc_custom_1658416237976{padding-top: 70px !important;padding-bottom: 70px !important;}&#8220;]<\/p>\n<h1 style=\"text-align: center; color: #fff;\">Turniere<\/h1>\n<p>[\/vc_column_text][\/vc_column][\/vc_row][vc_row css=&#8220;.vc_custom_1658417236754{padding-bottom: 30px !important;}&#8220;][vc_column][vc_column_text css=&#8220;.vc_custom_1775814899097{margin-bottom: 70px !important;padding-bottom: 30px !important;}&#8220;]<\/p>\n<h2>Wettspielkalender 2026<\/h2>\n<h3>Die Jahres\u00fcbersicht zeigt alle geplanten Turniere des Jahres 2026 an. <span style=\"color: #085c08;\"><a style=\"color: #085c08;\" href=\"https:\/\/www.golfpark-meerbusch.de\/wp-content\/uploads\/2026\/04\/Wettspielkalender-2026.pdf\" target=\"_blank\" rel=\"noopener\">Hier<\/a><\/span> auch als PDF verf\u00fcgbar.<\/h3>\n<h3>\u00c4nderungen sind vorbehalten.<\/h3>\n<h3>Wir w\u00fcnschen Ihnen eine sch\u00f6ne und erfolgreiche Saison 2026!<\/h3>\n<p>[\/vc_column_text][vc_single_image image=&#8220;61798&#8243; img_size=&#8220;full&#8220; onclick=&#8220;custom_link&#8220; img_link_target=&#8220;_blank&#8220; css=&#8220;.vc_custom_1775814908404{margin-top: 0px !important;border-top-width: 0px !important;padding-top: 0px !important;}&#8220; image_hovers=&#8220;false&#8220; link=&#8220;https:\/\/www.golfpark-meerbusch.de\/wp-content\/uploads\/2026\/04\/Wettspielkalender-2026.pdf&#8220;][\/vc_column][\/vc_row][vc_row css_animation=&#8220;fadeInUp&#8220; type=&#8220;vc_default&#8220; margin_bottom=&#8220;-30&#8243; css=&#8220;.vc_custom_1658417254269{padding-top: 100px !important;}&#8220;][vc_column][vc_column_text css=&#8220;.vc_custom_1658416720770{margin-bottom: 0px !important;padding-bottom: 30px !important;}&#8220;]<\/p>\n<h2 style=\"text-align: center;\">Turnieranmeldung <span style=\"color: #d5b665;\">(PC Caddie)<\/span><\/h2>\n<p>[\/vc_column_text][vc_raw_html]JTNDaWZyYW1lJTIwc2Nyb2xsaW5nJTNEJTIyeWVzJTIyJTIwZnJhbWVib3JkZXIlM0QlMjIwJTIyJTIwd2lkdGglM0QlMjIxMDAlMjUlMjIlMjBoZWlnaHQlM0QlMjI4NzAwJTIyJTIwc3JjJTNEJTIyaHR0cHMlM0ElMkYlMkZ3d3cucGNjYWRkaWUubmV0JTJGY2x1YnMlMkYwNDk0NTA3JTJGYXBwLnBocCUzRmNhdCUzRHRzX2NhbGVuZGFyX3R1cm5fb25seSUyNmF1dGglM0QlMjIlM0UlM0MlMkZpZnJhbWUlM0U=[\/vc_raw_html][\/vc_column][\/vc_row]<\/p>\n<\/div>","protected":false},"excerpt":{"rendered":"<p>[vc_row full_width=&#8220;stretch_row&#8220; content_placement=&#8220;middle&#8220; css=&#8220;.vc_custom_1665601116240{margin-top: -70px !important;margin-bottom: 70px !important;border-top-width: 0px !important;padding-top: 0px !important;background-image: url(https:\/\/www.golfpark-meerbusch.de\/wp-content\/uploads\/2021\/03\/slide-01b.jpg?id=14955) !important;background-position: center !important;background-repeat: no-repeat !important;background-size: cover !important;}&#8220;][vc_column][vc_column_text css=&#8220;.vc_custom_1658416237976{padding-top: 70px !important;padding-bottom: 70px !important;}&#8220;] Turniere [\/vc_column_text][\/vc_column][\/vc_row][vc_row css=&#8220;.vc_custom_1658417236754{padding-bottom: 30px !important;}&#8220;][vc_column][vc_column_text css=&#8220;.vc_custom_1775814899097{margin-bottom: 70px !important;padding-bottom: 30px !important;}&#8220;] Wettspielkalender 2026 Die Jahres\u00fcbersicht zeigt alle geplanten Turniere des Jahres 2026 an. Hier auch als PDF verf\u00fcgbar. \u00c4nderungen sind vorbehalten.&hellip;<\/p>\n","protected":false},"author":1,"featured_media":0,"parent":0,"menu_order":371,"comment_status":"closed","ping_status":"closed","template":"","meta":{"footnotes":""},"class_list":["post-57947","page","type-page","status-publish","hentry","description-off"],"acf":[],"_links":{"self":[{"href":"https:\/\/www.golfpark-meerbusch.de\/wp-json\/wp\/v2\/pages\/57947","targetHints":{"allow":["GET"]}}],"collection":[{"href":"https:\/\/www.golfpark-meerbusch.de\/wp-json\/wp\/v2\/pages"}],"about":[{"href":"https:\/\/www.golfpark-meerbusch.de\/wp-json\/wp\/v2\/types\/page"}],"author":[{"embeddable":true,"href":"https:\/\/www.golfpark-meerbusch.de\/wp-json\/wp\/v2\/users\/1"}],"replies":[{"embeddable":true,"href":"https:\/\/www.golfpark-meerbusch.de\/wp-json\/wp\/v2\/comments?post=57947"}],"version-history":[{"count":65,"href":"https:\/\/www.golfpark-meerbusch.de\/wp-json\/wp\/v2\/pages\/57947\/revisions"}],"predecessor-version":[{"id":61801,"href":"https:\/\/www.golfpark-meerbusch.de\/wp-json\/wp\/v2\/pages\/57947\/revisions\/61801"}],"wp:attachment":[{"href":"https:\/\/www.golfpark-meerbusch.de\/wp-json\/wp\/v2\/media?parent=57947"}],"curies":[{"name":"wp","href":"https:\/\/api.w.org\/{rel}","templated":true}]}}