{"id":57891,"date":"2022-07-21T13:44:31","date_gmt":"2022-07-21T12:44:31","guid":{"rendered":"https:\/\/testumgebung.golfpark-meerbusch.de\/?page_id=57891"},"modified":"2026-04-06T16:00:04","modified_gmt":"2026-04-06T15:00:04","slug":"greenfee","status":"publish","type":"page","link":"https:\/\/www.golfpark-meerbusch.de\/greenfee\/","title":{"rendered":"Greenfee"},"content":{"rendered":"<div class=\"wpb-content-wrapper\"><p>[vc_row full_width=&#8220;stretch_row&#8220; content_placement=&#8220;middle&#8220; css=&#8220;.vc_custom_1665601052313{margin-top: -70px !important;margin-bottom: 70px !important;border-top-width: 0px !important;padding-top: 0px !important;background-image: url(https:\/\/www.golfpark-meerbusch.de\/wp-content\/uploads\/2021\/03\/slide-01b.jpg?id=14955) !important;background-position: center !important;background-repeat: no-repeat !important;background-size: cover !important;}&#8220;][vc_column][vc_column_text css=&#8220;.vc_custom_1658412654374{padding-top: 70px !important;padding-bottom: 70px !important;}&#8220;]<\/p>\n<h1 style=\"text-align: center; color: #fff;\">Greenfee<\/h1>\n<p>[\/vc_column_text][\/vc_column][\/vc_row][vc_row][vc_column][vc_column_text css=&#8220;.vc_custom_1769508054162{margin-bottom: 70px !important;padding-bottom: 30px !important;}&#8220;]<\/p>\n<h2>Gastspieler sind im Golfpark Meerbusch herzlich willkommen.<\/h2>\n<h3>Von Montag bis Samstag ohne Startzeit, an Sonntagen und an den Feiertagen nur mit Startzeit. Anmeldungen unter 02132-93250. An den Werktagen ist ein HCPI von 54 erforderlich, an den Wochenendtagen HCPI 45. Auch auf der Driving-Range sind G\u00e4ste herzlich willkommen. Am Wochenende steht unser Platz zwischen 10:00 und 16:00 Uhr bevorzugt unseren Mitgliedern und deren G\u00e4sten zur Verf\u00fcgung.<\/h3>\n<p>[\/vc_column_text][\/vc_column][\/vc_row][vc_row type=&#8220;vc_default&#8220; margin_bottom=&#8220;-30&#8243; css=&#8220;.vc_custom_1658414695507{margin-bottom: 50px !important;}&#8220;][vc_column][vc_column_text css=&#8220;.vc_custom_1658413422213{margin-bottom: 0px !important;padding-bottom: 30px !important;}&#8220;]<\/p>\n<h2 style=\"text-align: center;\">Greenfee <span style=\"color: #d5b665;\">(Regul\u00e4r)<\/span><\/h2>\n<p>[\/vc_column_text][vc_row_inner][vc_column_inner][vc_wp_text]<\/p>\n<table style=\"border: 1px;\">\n<tbody>\n<tr>\n<td><\/td>\n<td align=\"center\">\n<h3>Montag<\/h3>\n<\/td>\n<td align=\"center\">\n<h3>Dienstag &#8211; Freitag<\/h3>\n<\/td>\n<td align=\"center\">\n<h3>Samstag. Sonntag, Feiertag<\/h3>\n<\/td>\n<\/tr>\n<tr>\n<td align=\"right\">\n<h4>18 L\u00f6cher<\/h4>\n<\/td>\n<td align=\"center\">\n<h4>75,- \u20ac**<\/h4>\n<\/td>\n<td align=\"center\">\n<h4>90,- \u20ac<\/h4>\n<\/td>\n<td align=\"center\">\n<h4>110,- \u20ac<\/h4>\n<\/td>\n<\/tr>\n<tr bgcolor=\"#f1e7cc\">\n<td align=\"right\">\n<h4>9 L\u00f6cher<\/h4>\n<\/td>\n<td align=\"center\">\n<h4>40,- \u20ac**<\/h4>\n<\/td>\n<td align=\"center\">\n<h4>50,- \u20ac<\/h4>\n<\/td>\n<td align=\"center\">\n<h4>60,- \u20ac<\/h4>\n<\/td>\n<\/tr>\n<tr>\n<td><\/td>\n<td colspan=\"3\" align=\"center\">WE und feiertags zwischen 10:00 und 16:00 Uhr nur in Begleitung eines Mitglieds.<br \/>\n<b>In Begleitung von Clubmitgliedern erhalten Sie bei 18 Loch Runden auf Ihr Greenfee 10,- \u20ac Rabatt!<\/b><\/td>\n<\/tr>\n<tr bgcolor=\"#f1e7cc\">\n<td align=\"right\">\n<h4>10-er Karte<\/h4>\n<p>f\u00fcr Mitglieder<\/td>\n<td colspan=\"3\" align=\"center\">\n<h4>770,- \u20ac<\/h4>\n<p>gilt f\u00fcr alle Tage der Woche<\/td>\n<\/tr>\n<tr>\n<td align=\"right\">\n<h4>10-er Karte<\/h4>\n<p>f\u00fcr G\u00e4ste<\/td>\n<td colspan=\"3\" align=\"center\">\n<h4>850,- \u20ac<\/h4>\n<p>gilt f\u00fcr alle Tage der Woche<\/td>\n<\/tr>\n<tr bgcolor=\"#f1e7cc\">\n<td><\/td>\n<td colspan=\"3\" align=\"center\">Sch\u00fcler, Jugendliche in Ausbildung &amp; Studenten bis 27 Jahre (Ausweis erforderlich) 50 % Erm\u00e4\u00dfigung<\/td>\n<\/tr>\n<tr>\n<td><\/td>\n<td colspan=\"3\" align=\"center\">PGA-Professionals k\u00f6nnen 1 Runde im Jahr kostenlos spielen, dar\u00fcber hinaus Greenfee.<\/td>\n<\/tr>\n<tr>\n<td><\/td>\n<td colspan=\"3\" align=\"right\"><span style=\"font-size: small;\"><sup>*<\/sup> Au\u00dfer an Feiertagen **keine weiteren Rabatte m\u00f6glich<\/span><\/td>\n<\/tr>\n<\/tbody>\n<\/table>\n<p>[\/vc_wp_text][\/vc_column_inner][\/vc_row_inner][vc_row_inner][vc_column_inner width=&#8220;1\/2&#8243;][vc_column_text css=&#8220;&#8220;]G\u00fcltig ab 1. April 2026[\/vc_column_text][\/vc_column_inner][vc_column_inner width=&#8220;1\/2&#8243;][vc_column_text]<\/p>\n<p style=\"text-align: right;\">inkl. ges. MwSt.<\/p>\n<p>[\/vc_column_text][\/vc_column_inner][\/vc_row_inner][\/vc_column][\/vc_row][vc_row][vc_column][vc_row_inner equal_height=&#8220;yes&#8220; content_placement=&#8220;top&#8220; css=&#8220;.vc_custom_1664195579497{padding-bottom: 30px !important;}&#8220;][vc_column_inner width=&#8220;1\/2&#8243;][vc_column_text css=&#8220;.vc_custom_1658414270343{margin-bottom: 0px !important;padding-bottom: 30px !important;}&#8220;]<\/p>\n<h2 style=\"text-align: center;\">Rangeb\u00e4lle <span style=\"color: #d5b665;\">(1 Ausgabe = 36 B\u00e4lle)<\/span><\/h2>\n<p>[\/vc_column_text][vc_wp_text]<\/p>\n<table style=\"border: 1px;\" width=\"100%\">\n<tbody>\n<tr>\n<td><\/td>\n<td align=\"center\">\n<h3>Mitglieder<\/h3>\n<\/td>\n<td align=\"center\">\n<h3>G\u00e4ste<\/h3>\n<\/td>\n<\/tr>\n<tr>\n<td align=\"right\">\n<h4>Erwachsene<\/h4>\n<\/td>\n<td align=\"center\">\n<h4>3,00 \u20ac<\/h4>\n<\/td>\n<td align=\"center\">\n<h4>5,00 \u20ac<\/h4>\n<\/td>\n<\/tr>\n<tr bgcolor=\"#f1e7cc\">\n<td align=\"right\">\n<h4>Jugend<\/h4>\n<\/td>\n<td align=\"center\">\n<h4>1,00 \u20ac<\/h4>\n<\/td>\n<td align=\"center\">\n<h4>2,00 \u20ac<\/h4>\n<\/td>\n<\/tr>\n<tr>\n<td>\n<h4 style=\"text-align: right;\">Token<\/h4>\n<\/td>\n<td colspan=\"2\" align=\"center\">\n<h4>2,50 \u20ac<\/h4>\n<p>Gilt f\u00fcr 18 B\u00e4lle, auch in der Gastronomie erh\u00e4ltlich<\/td>\n<\/tr>\n<\/tbody>\n<\/table>\n<p>[\/vc_wp_text][\/vc_column_inner][vc_column_inner width=&#8220;1\/2&#8243;][vc_empty_space el_id=&#8220;vnnm&#8220;][vc_column_text css=&#8220;.vc_custom_1658414741652{margin-bottom: 0px !important;padding-bottom: 30px !important;}&#8220;]<\/p>\n<h2 style=\"text-align: center;\">Leihgeb\u00fchren<\/h2>\n<p>[\/vc_column_text][vc_wp_text]<\/p>\n<table style=\"border: 1px;\">\n<tbody>\n<tr>\n<td><\/td>\n<td align=\"center\">\n<h3>Mitglieder<\/h3>\n<\/td>\n<td align=\"center\">\n<h3>G\u00e4ste<\/h3>\n<\/td>\n<\/tr>\n<tr>\n<td align=\"right\">\n<h4>Golfcar 18 L\u00f6cher<\/h4>\n<\/td>\n<td align=\"center\">\n<h4>35,- \u20ac<\/h4>\n<\/td>\n<td align=\"center\">\n<h4>40,- \u20ac<\/h4>\n<\/td>\n<\/tr>\n<tr bgcolor=\"#f1e7cc\">\n<td align=\"right\">\n<h4>Golfcar 9 L\u00f6cher<\/h4>\n<\/td>\n<td align=\"center\">\n<h4>25,- \u20ac<\/h4>\n<\/td>\n<td align=\"center\">\n<h4>25,- \u20ac<\/h4>\n<\/td>\n<\/tr>\n<tr>\n<td align=\"right\">\n<h4>10-er Karte Cart<\/h4>\n<\/td>\n<td align=\"center\">\n<h4>300,- \u20ac<\/h4>\n<\/td>\n<td align=\"center\">\n<h4>350,- \u20ac<\/h4>\n<\/td>\n<\/tr>\n<tr bgcolor=\"#f1e7cc\">\n<td align=\"right\">\n<h4>Trolleys<\/h4>\n<\/td>\n<td align=\"center\">\n<h4>5,- \u20ac<\/h4>\n<\/td>\n<td align=\"center\">\n<h4>5,- \u20ac<\/h4>\n<\/td>\n<\/tr>\n<tr>\n<td>\n<h4 style=\"text-align: right;\">Leihschl\u00e4ger<\/h4>\n<\/td>\n<td style=\"text-align: center;\" colspan=\"2\" align=\"center\">\n<h4>30,- \u20ac f\u00fcr 18 Loch<\/h4>\n<p>Erh\u00e4ltlich im Pro Shop.<\/td>\n<\/tr>\n<\/tbody>\n<\/table>\n<p>[\/vc_wp_text][\/vc_column_inner][\/vc_row_inner][vc_row_inner][vc_column_inner width=&#8220;1\/2&#8243;][\/vc_column_inner][vc_column_inner width=&#8220;1\/2&#8243;][vc_column_text css=&#8220;&#8220;]<\/p>\n<p style=\"text-align: left;\">G\u00fcltig ab 01. April 2026<\/p>\n<p style=\"text-align: left;\">inkl. ges. MwSt.<\/p>\n<p>[\/vc_column_text][\/vc_column_inner][\/vc_row_inner][\/vc_column][\/vc_row][vc_row css=&#8220;.vc_custom_1658415771992{margin-top: 30px !important;padding-bottom: 100px !important;}&#8220;][vc_column][vc_separator][\/vc_column][\/vc_row][vc_row type=&#8220;vc_default&#8220; margin_bottom=&#8220;-30&#8243; css=&#8220;.vc_custom_1658414695507{margin-bottom: 50px !important;}&#8220;][vc_column][vc_column_text css=&#8220;.vc_custom_1658415307216{margin-bottom: 0px !important;padding-bottom: 30px !important;}&#8220;]<\/p>\n<h2 style=\"text-align: center;\">Greenfee <span style=\"color: #d5b665;\">(Winter)<\/span><\/h2>\n<p>[\/vc_column_text][vc_row_inner css=&#8220;.vc_custom_1658415646496{padding-bottom: 30px !important;}&#8220;][vc_column_inner][vc_wp_text]<\/p>\n<table style=\"border: 1px;\">\n<tbody>\n<tr>\n<td><\/td>\n<td align=\"center\">\n<h3>Montag &#8211; Freitag<\/h3>\n<\/td>\n<td align=\"center\">\n<h3>Samstag. Sonntag, Feiertag<\/h3>\n<\/td>\n<\/tr>\n<tr>\n<td align=\"right\">\n<h4>18 L\u00f6cher<\/h4>\n<\/td>\n<td align=\"center\">\n<h4>65,- \u20ac<\/h4>\n<\/td>\n<td align=\"center\">\n<h4>85,- \u20ac<\/h4>\n<\/td>\n<\/tr>\n<tr bgcolor=\"#f1e7cc\">\n<td align=\"right\">\n<h4>9 L\u00f6cher<\/h4>\n<\/td>\n<td align=\"center\">\n<h4>35,- \u20ac<\/h4>\n<\/td>\n<td align=\"center\">\n<h4>45,- \u20ac<\/h4>\n<\/td>\n<\/tr>\n<tr>\n<td><\/td>\n<td colspan=\"2\" align=\"center\">Keine weiteren Rabatte. &#8211; Alle 2 f\u00fcr 1 Greenfee Voucher werden nach dem normalen<br \/>\nGreenfee Tarif abgerechnet und sind nicht mit dem Wintergreenfee kombinierbar.<\/td>\n<\/tr>\n<\/tbody>\n<\/table>\n<p>[\/vc_wp_text][\/vc_column_inner][\/vc_row_inner][vc_column_text css=&#8220;&#8220;]G\u00fcltig vom 15. November 2025 bis einschlie\u00dflich 31. M\u00e4rz 2026[\/vc_column_text][\/vc_column][\/vc_row]<\/p>\n<\/div>","protected":false},"excerpt":{"rendered":"<p>[vc_row full_width=&#8220;stretch_row&#8220; content_placement=&#8220;middle&#8220; css=&#8220;.vc_custom_1665601052313{margin-top: -70px !important;margin-bottom: 70px !important;border-top-width: 0px !important;padding-top: 0px !important;background-image: url(https:\/\/www.golfpark-meerbusch.de\/wp-content\/uploads\/2021\/03\/slide-01b.jpg?id=14955) !important;background-position: center !important;background-repeat: no-repeat !important;background-size: cover !important;}&#8220;][vc_column][vc_column_text css=&#8220;.vc_custom_1658412654374{padding-top: 70px !important;padding-bottom: 70px !important;}&#8220;] Greenfee [\/vc_column_text][\/vc_column][\/vc_row][vc_row][vc_column][vc_column_text css=&#8220;.vc_custom_1769508054162{margin-bottom: 70px !important;padding-bottom: 30px !important;}&#8220;] Gastspieler sind im Golfpark Meerbusch herzlich willkommen. Von Montag bis Samstag ohne Startzeit, an Sonntagen und an den Feiertagen nur mit Startzeit. Anmeldungen&hellip;<\/p>\n","protected":false},"author":1,"featured_media":0,"parent":0,"menu_order":371,"comment_status":"closed","ping_status":"closed","template":"","meta":{"footnotes":""},"class_list":["post-57891","page","type-page","status-publish","hentry","description-off"],"acf":[],"_links":{"self":[{"href":"https:\/\/www.golfpark-meerbusch.de\/wp-json\/wp\/v2\/pages\/57891","targetHints":{"allow":["GET"]}}],"collection":[{"href":"https:\/\/www.golfpark-meerbusch.de\/wp-json\/wp\/v2\/pages"}],"about":[{"href":"https:\/\/www.golfpark-meerbusch.de\/wp-json\/wp\/v2\/types\/page"}],"author":[{"embeddable":true,"href":"https:\/\/www.golfpark-meerbusch.de\/wp-json\/wp\/v2\/users\/1"}],"replies":[{"embeddable":true,"href":"https:\/\/www.golfpark-meerbusch.de\/wp-json\/wp\/v2\/comments?post=57891"}],"version-history":[{"count":93,"href":"https:\/\/www.golfpark-meerbusch.de\/wp-json\/wp\/v2\/pages\/57891\/revisions"}],"predecessor-version":[{"id":61796,"href":"https:\/\/www.golfpark-meerbusch.de\/wp-json\/wp\/v2\/pages\/57891\/revisions\/61796"}],"wp:attachment":[{"href":"https:\/\/www.golfpark-meerbusch.de\/wp-json\/wp\/v2\/media?parent=57891"}],"curies":[{"name":"wp","href":"https:\/\/api.w.org\/{rel}","templated":true}]}}